{"id":11,"date":"2025-06-10T07:00:30","date_gmt":"2025-06-10T07:00:30","guid":{"rendered":"https:\/\/paul.wp-cours.fr\/?page_id=11"},"modified":"2025-06-26T07:21:09","modified_gmt":"2025-06-26T07:21:09","slug":"nos-coordonnees","status":"publish","type":"page","link":"https:\/\/paul.wp-cours.fr\/index.php\/nos-coordonnees\/","title":{"rendered":"Contact us."},"content":{"rendered":"\n<div class=\"wp-block-uagb-container uagb-block-9f4ce21c alignfull uagb-is-root-container\"><div class=\"uagb-container-inner-blocks-wrap\">\n<div class=\"wp-block-uagb-container uagb-block-ffd0c75a\">\n<p>Propri\u00e9taire du site :<br>D\u00e9nomination sociale : Autour des plantes<br>Adresse : 63 Rue de la Longerolle 86440 Mign\u00e9-Auxances<br>tel. fixe : 09.83.36.01.32<br>Adresse email : contact@autourdesplantes.fr<\/p>\n\n\n\n<p><br>Directeur de la publication :<br>Sylvain QUET &amp; Antoine LECOINTRE<br>L&rsquo;\u00e9diteur s&rsquo;engage \u00e0 respecter l&rsquo;ensemble des lois concernant la mise en place et l&rsquo;activit\u00e9<br>d&rsquo;un site Internet.<\/p>\n\n\n\n<p><br>Photographies : Autour des plantes<\/p>\n\n\n\n<p><br>R\u00e9alisation du logo, Marion Lecointre. Administrateurs, design et conception du logo, Sylvain<br>Quet et Antoine Lecointre<\/p>\n\n\n\n<p><br>Site h\u00e9berg\u00e9 chez :<br>1&amp;1 \/ IONOS<br>7 Place de la Gare<br>57200 Sarreguemines<\/p>\n\n\n\n<p><\/p>\n\n\n\n<p><\/p>\n<\/div>\n\n\n\n<div class=\"wp-block-uagb-container uagb-block-e1681617\">\t\t\t<div \n\t\t\tclass=\"wp-block-uagb-google-map uagb-google-map__wrap uagb-block-59086660     \"\n\t\t\tstyle=\"\" >\n\t\t\t\t<embed\n\t\t\t\t\tclass=\"uagb-google-map__iframe\"\n\t\t\t\t\ttitle=\"Carte Google pour \"\n\t\t\t\t\tsrc=\"https:\/\/maps.google.com\/maps?q=Adresse%20%3A%2063%20Rue%20de%20la%20Longerolle%2086440%20Mign%C3%A9-Auxances&#038;z=12&#038;hl=en&#038;t=m&#038;output=embed&#038;iwloc=near\"\n\t\t\t\t\twidth=\"640\"\n\t\t\t\t\theight=\"300\"\n\t\t\t\t\tloading=\"lazy\"\n\t\t\t\t><\/embed>\n\t\t\t<\/div>\n\t\t\t<\/div>\n<\/div><\/div>\n\n\n\n<p><\/p>\n","protected":false},"excerpt":{"rendered":"<p>Propri\u00e9taire du site :D\u00e9nomination sociale : Autour des plantesAdresse : 63 Rue de la Longerolle 86440 Mign\u00e9-Auxancestel. fixe : 09.83.36.01.32Adresse email : contact@autourdesplantes.fr Directeur de la publication :Sylvain QUET &amp; Antoine LECOINTREL&rsquo;\u00e9diteur s&rsquo;engage \u00e0 respecter l&rsquo;ensemble des lois concernant la mise en place et l&rsquo;activit\u00e9d&rsquo;un site Internet. Photographies : Autour des plantes R\u00e9alisation du logo, [&hellip;]<\/p>\n","protected":false},"author":1,"featured_media":0,"parent":0,"menu_order":0,"comment_status":"closed","ping_status":"closed","template":"","meta":{"_uag_custom_page_level_css":"","site-sidebar-layout":"default","site-content-layout":"","ast-site-content-layout":"","site-content-style":"default","site-sidebar-style":"default","ast-global-header-display":"","ast-banner-title-visibility":"","ast-main-header-display":"","ast-hfb-above-header-display":"","ast-hfb-below-header-display":"","ast-hfb-mobile-header-display":"","site-post-title":"","ast-breadcrumbs-content":"","ast-featured-img":"","footer-sml-layout":"","theme-transparent-header-meta":"","adv-header-id-meta":"","stick-header-meta":"","header-above-stick-meta":"","header-main-stick-meta":"","header-below-stick-meta":"","astra-migrate-meta-layouts":"default","ast-page-background-enabled":"default","ast-page-background-meta":{"desktop":{"background-color":"var(--ast-global-color-5)","background-image":"","background-repeat":"repeat","background-position":"center center","background-size":"auto","background-attachment":"scroll","background-type":"","background-media":"","overlay-type":"","overlay-color":"","overlay-opacity":"","overlay-gradient":""},"tablet":{"background-color":"","background-image":"","background-repeat":"repeat","background-position":"center center","background-size":"auto","background-attachment":"scroll","background-type":"","background-media":"","overlay-type":"","overlay-color":"","overlay-opacity":"","overlay-gradient":""},"mobile":{"background-color":"","background-image":"","background-repeat":"repeat","background-position":"center center","background-size":"auto","background-attachment":"scroll","background-type":"","background-media":"","overlay-type":"","overlay-color":"","overlay-opacity":"","overlay-gradient":""}},"ast-content-background-meta":{"desktop":{"background-color":"var(--ast-global-color-4)","background-image":"","background-repeat":"repeat","background-position":"center center","background-size":"auto","background-attachment":"scroll","background-type":"","background-media":"","overlay-type":"","overlay-color":"","overlay-opacity":"","overlay-gradient":""},"tablet":{"background-color":"var(--ast-global-color-4)","background-image":"","background-repeat":"repeat","background-position":"center center","background-size":"auto","background-attachment":"scroll","background-type":"","background-media":"","overlay-type":"","overlay-color":"","overlay-opacity":"","overlay-gradient":""},"mobile":{"background-color":"var(--ast-global-color-4)","background-image":"","background-repeat":"repeat","background-position":"center center","background-size":"auto","background-attachment":"scroll","background-type":"","background-media":"","overlay-type":"","overlay-color":"","overlay-opacity":"","overlay-gradient":""}},"footnotes":""},"class_list":["post-11","page","type-page","status-publish","hentry"],"yoast_head":"<!-- This site is optimized with the Yoast SEO plugin v27.3 - https:\/\/yoast.com\/product\/yoast-seo-wordpress\/ -->\n<title>Contact us. - Maison Chaillou<\/title>\n<meta name=\"description\" content=\"Our contact details are below.\" \/>\n<meta name=\"robots\" content=\"index, follow, max-snippet:-1, max-image-preview:large, max-video-preview:-1\" \/>\n<link rel=\"canonical\" href=\"https:\/\/paul.wp-cours.fr\/index.php\/nos-coordonnees\/\" \/>\n<meta property=\"og:locale\" content=\"fr_FR\" \/>\n<meta property=\"og:type\" content=\"article\" \/>\n<meta property=\"og:title\" content=\"Contact us. - Maison Chaillou\" \/>\n<meta property=\"og:description\" content=\"Our contact details are below.\" \/>\n<meta property=\"og:url\" content=\"https:\/\/paul.wp-cours.fr\/index.php\/nos-coordonnees\/\" \/>\n<meta property=\"og:site_name\" content=\"Maison Chaillou\" \/>\n<meta property=\"article:modified_time\" content=\"2025-06-26T07:21:09+00:00\" \/>\n<meta name=\"twitter:card\" content=\"summary_large_image\" \/>\n<meta name=\"twitter:label1\" content=\"Dur\u00e9e de lecture estim\u00e9e\" \/>\n\t<meta name=\"twitter:data1\" content=\"1 minute\" \/>\n<script type=\"application\/ld+json\" class=\"yoast-schema-graph\">{\"@context\":\"https:\\\/\\\/schema.org\",\"@graph\":[{\"@type\":\"WebPage\",\"@id\":\"https:\\\/\\\/paul.wp-cours.fr\\\/index.php\\\/nos-coordonnees\\\/\",\"url\":\"https:\\\/\\\/paul.wp-cours.fr\\\/index.php\\\/nos-coordonnees\\\/\",\"name\":\"Contact us. - Maison Chaillou\",\"isPartOf\":{\"@id\":\"https:\\\/\\\/paul.wp-cours.fr\\\/#website\"},\"datePublished\":\"2025-06-10T07:00:30+00:00\",\"dateModified\":\"2025-06-26T07:21:09+00:00\",\"description\":\"Our contact details are below.\",\"breadcrumb\":{\"@id\":\"https:\\\/\\\/paul.wp-cours.fr\\\/index.php\\\/nos-coordonnees\\\/#breadcrumb\"},\"inLanguage\":\"fr-FR\",\"potentialAction\":[{\"@type\":\"ReadAction\",\"target\":[\"https:\\\/\\\/paul.wp-cours.fr\\\/index.php\\\/nos-coordonnees\\\/\"]}]},{\"@type\":\"BreadcrumbList\",\"@id\":\"https:\\\/\\\/paul.wp-cours.fr\\\/index.php\\\/nos-coordonnees\\\/#breadcrumb\",\"itemListElement\":[{\"@type\":\"ListItem\",\"position\":1,\"name\":\"Accueil\",\"item\":\"https:\\\/\\\/paul.wp-cours.fr\\\/\"},{\"@type\":\"ListItem\",\"position\":2,\"name\":\"Contact us.\"}]},{\"@type\":\"WebSite\",\"@id\":\"https:\\\/\\\/paul.wp-cours.fr\\\/#website\",\"url\":\"https:\\\/\\\/paul.wp-cours.fr\\\/\",\"name\":\"Maison Chaillou\",\"description\":\"\",\"publisher\":{\"@id\":\"https:\\\/\\\/paul.wp-cours.fr\\\/#organization\"},\"potentialAction\":[{\"@type\":\"SearchAction\",\"target\":{\"@type\":\"EntryPoint\",\"urlTemplate\":\"https:\\\/\\\/paul.wp-cours.fr\\\/?s={search_term_string}\"},\"query-input\":{\"@type\":\"PropertyValueSpecification\",\"valueRequired\":true,\"valueName\":\"search_term_string\"}}],\"inLanguage\":\"fr-FR\"},{\"@type\":\"Organization\",\"@id\":\"https:\\\/\\\/paul.wp-cours.fr\\\/#organization\",\"name\":\"Maison Chaillou\",\"url\":\"https:\\\/\\\/paul.wp-cours.fr\\\/\",\"logo\":{\"@type\":\"ImageObject\",\"inLanguage\":\"fr-FR\",\"@id\":\"https:\\\/\\\/paul.wp-cours.fr\\\/#\\\/schema\\\/logo\\\/image\\\/\",\"url\":\"https:\\\/\\\/paul.wp-cours.fr\\\/wp-content\\\/uploads\\\/2025\\\/06\\\/cropped-cropped-Capture.png\",\"contentUrl\":\"https:\\\/\\\/paul.wp-cours.fr\\\/wp-content\\\/uploads\\\/2025\\\/06\\\/cropped-cropped-Capture.png\",\"width\":587,\"height\":195,\"caption\":\"Maison Chaillou\"},\"image\":{\"@id\":\"https:\\\/\\\/paul.wp-cours.fr\\\/#\\\/schema\\\/logo\\\/image\\\/\"}}]}<\/script>\n<!-- \/ Yoast SEO plugin. -->","yoast_head_json":{"title":"Contact us. - Maison Chaillou","description":"Our contact details are below.","robots":{"index":"index","follow":"follow","max-snippet":"max-snippet:-1","max-image-preview":"max-image-preview:large","max-video-preview":"max-video-preview:-1"},"canonical":"https:\/\/paul.wp-cours.fr\/index.php\/nos-coordonnees\/","og_locale":"fr_FR","og_type":"article","og_title":"Contact us. - Maison Chaillou","og_description":"Our contact details are below.","og_url":"https:\/\/paul.wp-cours.fr\/index.php\/nos-coordonnees\/","og_site_name":"Maison Chaillou","article_modified_time":"2025-06-26T07:21:09+00:00","twitter_card":"summary_large_image","twitter_misc":{"Dur\u00e9e de lecture estim\u00e9e":"1 minute"},"schema":{"@context":"https:\/\/schema.org","@graph":[{"@type":"WebPage","@id":"https:\/\/paul.wp-cours.fr\/index.php\/nos-coordonnees\/","url":"https:\/\/paul.wp-cours.fr\/index.php\/nos-coordonnees\/","name":"Contact us. - Maison Chaillou","isPartOf":{"@id":"https:\/\/paul.wp-cours.fr\/#website"},"datePublished":"2025-06-10T07:00:30+00:00","dateModified":"2025-06-26T07:21:09+00:00","description":"Our contact details are below.","breadcrumb":{"@id":"https:\/\/paul.wp-cours.fr\/index.php\/nos-coordonnees\/#breadcrumb"},"inLanguage":"fr-FR","potentialAction":[{"@type":"ReadAction","target":["https:\/\/paul.wp-cours.fr\/index.php\/nos-coordonnees\/"]}]},{"@type":"BreadcrumbList","@id":"https:\/\/paul.wp-cours.fr\/index.php\/nos-coordonnees\/#breadcrumb","itemListElement":[{"@type":"ListItem","position":1,"name":"Accueil","item":"https:\/\/paul.wp-cours.fr\/"},{"@type":"ListItem","position":2,"name":"Contact us."}]},{"@type":"WebSite","@id":"https:\/\/paul.wp-cours.fr\/#website","url":"https:\/\/paul.wp-cours.fr\/","name":"Maison Chaillou","description":"","publisher":{"@id":"https:\/\/paul.wp-cours.fr\/#organization"},"potentialAction":[{"@type":"SearchAction","target":{"@type":"EntryPoint","urlTemplate":"https:\/\/paul.wp-cours.fr\/?s={search_term_string}"},"query-input":{"@type":"PropertyValueSpecification","valueRequired":true,"valueName":"search_term_string"}}],"inLanguage":"fr-FR"},{"@type":"Organization","@id":"https:\/\/paul.wp-cours.fr\/#organization","name":"Maison Chaillou","url":"https:\/\/paul.wp-cours.fr\/","logo":{"@type":"ImageObject","inLanguage":"fr-FR","@id":"https:\/\/paul.wp-cours.fr\/#\/schema\/logo\/image\/","url":"https:\/\/paul.wp-cours.fr\/wp-content\/uploads\/2025\/06\/cropped-cropped-Capture.png","contentUrl":"https:\/\/paul.wp-cours.fr\/wp-content\/uploads\/2025\/06\/cropped-cropped-Capture.png","width":587,"height":195,"caption":"Maison Chaillou"},"image":{"@id":"https:\/\/paul.wp-cours.fr\/#\/schema\/logo\/image\/"}}]}},"uagb_featured_image_src":{"full":false,"thumbnail":false,"medium":false,"medium_large":false,"large":false,"1536x1536":false,"2048x2048":false},"uagb_author_info":{"display_name":"admin","author_link":"https:\/\/paul.wp-cours.fr\/index.php\/author\/contactwp-cours-fr\/"},"uagb_comment_info":0,"uagb_excerpt":"Propri\u00e9taire du site :D\u00e9nomination sociale : Autour des plantesAdresse : 63 Rue de la Longerolle 86440 Mign\u00e9-Auxancestel. fixe : 09.83.36.01.32Adresse email : contact@autourdesplantes.fr Directeur de la publication :Sylvain QUET &amp; Antoine LECOINTREL&rsquo;\u00e9diteur s&rsquo;engage \u00e0 respecter l&rsquo;ensemble des lois concernant la mise en place et l&rsquo;activit\u00e9d&rsquo;un site Internet. Photographies : Autour des plantes R\u00e9alisation du logo,\u2026","_links":{"self":[{"href":"https:\/\/paul.wp-cours.fr\/index.php\/wp-json\/wp\/v2\/pages\/11","targetHints":{"allow":["GET"]}}],"collection":[{"href":"https:\/\/paul.wp-cours.fr\/index.php\/wp-json\/wp\/v2\/pages"}],"about":[{"href":"https:\/\/paul.wp-cours.fr\/index.php\/wp-json\/wp\/v2\/types\/page"}],"author":[{"embeddable":true,"href":"https:\/\/paul.wp-cours.fr\/index.php\/wp-json\/wp\/v2\/users\/1"}],"replies":[{"embeddable":true,"href":"https:\/\/paul.wp-cours.fr\/index.php\/wp-json\/wp\/v2\/comments?post=11"}],"version-history":[{"count":5,"href":"https:\/\/paul.wp-cours.fr\/index.php\/wp-json\/wp\/v2\/pages\/11\/revisions"}],"predecessor-version":[{"id":98,"href":"https:\/\/paul.wp-cours.fr\/index.php\/wp-json\/wp\/v2\/pages\/11\/revisions\/98"}],"wp:attachment":[{"href":"https:\/\/paul.wp-cours.fr\/index.php\/wp-json\/wp\/v2\/media?parent=11"}],"curies":[{"name":"wp","href":"https:\/\/api.w.org\/{rel}","templated":true}]}}